{"id":1010,"date":"2020-11-04T09:06:30","date_gmt":"2020-11-04T08:06:30","guid":{"rendered":"https:\/\/in-and-out-traduction.com\/mentions-legales\/"},"modified":"2025-07-22T12:53:43","modified_gmt":"2025-07-22T10:53:43","slug":"mentions-legales","status":"publish","type":"page","link":"https:\/\/in-and-out-traduction.com\/en\/mentions-legales\/","title":{"rendered":"Legal Notice"},"content":{"rendered":"<p>[et_pb_section fb_built=&#8221;1&#8243; admin_label=&#8221;Hero&#8221; module_id=&#8221;hero-default&#8221; _builder_version=&#8221;4.16&#8243; _module_preset=&#8221;default&#8221; custom_margin=&#8221;0px||0px||false|false&#8221; custom_padding=&#8221;0px||0px||false|false&#8221; global_colors_info=&#8221;{}&#8221;][et_pb_row column_structure=&#8221;2_5,3_5&#8243; use_custom_gutter=&#8221;on&#8221; gutter_width=&#8221;1&#8243; _builder_version=&#8221;4.16&#8243; _module_preset=&#8221;default&#8221; width=&#8221;100%&#8221; max_width=&#8221;100%&#8221; custom_margin=&#8221;0px||0px||false|false&#8221; custom_padding=&#8221;0px||0px||false|false&#8221; global_colors_info=&#8221;{}&#8221;][et_pb_column type=&#8221;2_5&#8243; _builder_version=&#8221;4.16&#8243; _module_preset=&#8221;default&#8221; custom_padding=&#8221;|||100px|false|false&#8221; global_colors_info=&#8221;{}&#8221;][et_pb_text admin_label=&#8221;Title H1&#8243; _builder_version=&#8221;4.16&#8243; _module_preset=&#8221;default&#8221; text_font=&#8221;|||on|||||&#8221; text_text_color=&#8221;#41294a&#8221; text_font_size=&#8221;52px&#8221; text_letter_spacing=&#8221;2px&#8221; custom_padding=&#8221;||||false|false&#8221; global_colors_info=&#8221;{}&#8221;]<\/p>\n<h1>Legal Notice<\/h1>\n<p>[\/et_pb_text][et_pb_text admin_label=&#8221;SubTitle H2&#8243; _builder_version=&#8221;4.16&#8243; _module_preset=&#8221;default&#8221; text_text_color=&#8221;#000000&#8243; text_font_size=&#8221;20px&#8221; text_letter_spacing=&#8221;1px&#8221; header_2_text_color=&#8221;#000000&#8243; header_2_font_size=&#8221;20px&#8221; header_2_letter_spacing=&#8221;1px&#8221; width=&#8221;85%&#8221; global_colors_info=&#8221;{}&#8221;]<\/p>\n<h2>In accordance with the provisions of Articles 6-III and 19 of Law No. 2004-575 of June 21, 2004 on confidence in the digital economy, users and visitors to the site are hereby informed of the following legal notices.<\/h2>\n<p>[\/et_pb_text][\/et_pb_column][et_pb_column type=&#8221;3_5&#8243; _builder_version=&#8221;4.16&#8243; _module_preset=&#8221;default&#8221; global_colors_info=&#8221;{}&#8221;][et_pb_slider show_pagination=&#8221;off&#8221; admin_label=&#8221;Slider&#8221; module_class=&#8221;hero-slider&#8221; _builder_version=&#8221;4.16&#8243; _module_preset=&#8221;default&#8221; background_color=&#8221;#ff2c54&#8243; global_colors_info=&#8221;{}&#8221;][et_pb_slide heading=&#8221;LEGAL NOTICE.&#8221; image=&#8221;https:\/\/in-and-out-traduction.com\/wp-content\/uploads\/2020\/08\/in-traduction-video-game.jpg&#8221; _builder_version=&#8221;4.16&#8243; _module_preset=&#8221;default&#8221; background_enable_color=&#8221;off&#8221; global_colors_info=&#8221;{}&#8221; sticky_transition=&#8221;on&#8221;]<\/p>\n<h3>Articles 6-III and 19<\/h3>\n<p>[\/et_pb_slide][\/et_pb_slider][\/et_pb_column][\/et_pb_row][et_pb_row column_structure=&#8221;2_5,3_5&#8243; use_custom_gutter=&#8221;on&#8221; gutter_width=&#8221;1&#8243; module_class=&#8221;hero-bottom&#8221; _builder_version=&#8221;4.16&#8243; _module_preset=&#8221;default&#8221; width=&#8221;100%&#8221; max_width=&#8221;100%&#8221; global_colors_info=&#8221;{}&#8221;][et_pb_column type=&#8221;2_5&#8243; _builder_version=&#8221;4.16&#8243; _module_preset=&#8221;default&#8221; global_colors_info=&#8221;{}&#8221;][et_pb_text admin_label=&#8221;Arrow Scroll + Text&#8221; module_class=&#8221;hero-bottom__arrow&#8221; _builder_version=&#8221;4.16&#8243; _module_preset=&#8221;default&#8221; global_colors_info=&#8221;{}&#8221;]<\/p>\n<p><a href=\"#blurb\" data-mce-href=\"#blurb\"><img decoding=\"async\" src=\"https:\/\/in-and-out-traduction.com\/wp-content\/uploads\/2020\/08\/arrow-down.svg\" alt=\"Fl\u00e8che de scroll vers le bas\" data-mce-src=\"https:\/\/in-and-out-traduction.com\/wp-content\/uploads\/2020\/08\/arrow-down.svg\"><\/a>Faire d\u00e9filer<\/p>\n<p>[\/et_pb_text][\/et_pb_column][et_pb_column type=&#8221;3_5&#8243; _builder_version=&#8221;4.16&#8243; _module_preset=&#8221;default&#8221; global_colors_info=&#8221;{}&#8221;][et_pb_text admin_label=&#8221;Socials Network&#8221; module_class=&#8221;hero-bottom__socials&#8221; _builder_version=&#8221;4.16&#8243; _module_preset=&#8221;default&#8221; global_colors_info=&#8221;{}&#8221;]<\/p>\n<ul>\n<li><a href=\"https:\/\/www.facebook.com\/InOut-Traduction-649261525685691\" target=\"_blank\" rel=\"noopener noreferrer\" data-mce-href=\"https:\/\/www.facebook.com\/InOut-Traduction-649261525685691\">Facebook<\/a><\/li>\n<li><a href=\"https:\/\/www.linkedin.com\/in\/willy-paul-50b979a1\/\" target=\"_blank\" rel=\"noopener noreferrer\" data-mce-href=\"https:\/\/www.linkedin.com\/in\/willy-paul-50b979a1\/\">Linkedin<\/a><\/li>\n<\/ul>\n<p>[\/et_pb_text][\/et_pb_column][\/et_pb_row][et_pb_row module_class=&#8221;hero-phone&#8221; _builder_version=&#8221;4.16&#8243; _module_preset=&#8221;default&#8221; global_colors_info=&#8221;{}&#8221;][et_pb_column type=&#8221;4_4&#8243; _builder_version=&#8221;4.16&#8243; _module_preset=&#8221;default&#8221; global_colors_info=&#8221;{}&#8221;][et_pb_text admin_label=&#8221;Phone Contact&#8221; _builder_version=&#8221;4.16&#8243; _module_preset=&#8221;default&#8221; global_colors_info=&#8221;{}&#8221;]<\/p>\n<p><a href=\"tel:+33675671260\" data-mce-href=\"tel:+33675671260\"><img decoding=\"async\" src=\"https:\/\/in-and-out-traduction.com\/wp-content\/uploads\/2020\/08\/contact-phone-icon.svg\" alt=\"Contactez nous par t\u00e9l\u00e9phone\" data-mce-src=\"https:\/\/in-and-out-traduction.com\/wp-content\/uploads\/2020\/08\/contact-phone-icon.svg\"><\/a>Contactez-nous<\/p>\n<p>[\/et_pb_text][\/et_pb_column][\/et_pb_row][\/et_pb_section][et_pb_section fb_built=&#8221;1&#8243; admin_label=&#8221;Blurb&#8221; module_id=&#8221;blurb&#8221; _builder_version=&#8221;4.16&#8243; _module_preset=&#8221;default&#8221; custom_margin=&#8221;||||false|false&#8221; custom_padding=&#8221;150px||150px||false|false&#8221; global_colors_info=&#8221;{}&#8221;][et_pb_row module_class=&#8221;blurb-row&#8221; _builder_version=&#8221;4.16&#8243; _module_preset=&#8221;default&#8221; custom_padding=&#8221;75px||75px||false|false&#8221; border_radii=&#8221;on|1px|1px|1px|1px&#8221; border_width_left=&#8221;3px&#8221; border_color_left=&#8221;#FF2C54&#8243; global_colors_info=&#8221;{}&#8221;][et_pb_column type=&#8221;4_4&#8243; _builder_version=&#8221;4.16&#8243; _module_preset=&#8221;default&#8221; global_colors_info=&#8221;{}&#8221;][et_pb_text admin_label=&#8221;Title&#8221; _builder_version=&#8221;4.16&#8243; _module_preset=&#8221;default&#8221; header_font=&#8221;|700|||||||&#8221; header_3_font=&#8221;|||on|||||&#8221; header_3_text_color=&#8221;#ff2c54&#8243; header_3_font_size=&#8221;28px&#8221; header_3_letter_spacing=&#8221;2px&#8221; global_colors_info=&#8221;{}&#8221;]<\/p>\n<h3>Legal information<\/h3>\n<p>[\/et_pb_text][et_pb_text admin_label=&#8221;Paragraphe&#8221; _builder_version=&#8221;4.16&#8243; _module_preset=&#8221;default&#8221; text_text_color=&#8221;#41294a&#8221; text_font_size=&#8221;28px&#8221; text_letter_spacing=&#8221;1px&#8221; text_line_height=&#8221;1.2em&#8221; global_colors_info=&#8221;{}&#8221;]<\/p>\n<p>Pursuant to Article 6 of Law No. 2004-575 of June 21, 2004 on confidence in the digital economy, this article specifies the identity of the various parties involved in its creation and monitoring.<\/p>\n<p><\/p>\n<p>SITE PUBLISHER<\/p>\n<p><\/p>\n<p>The website in-and-out-traduction.com is published by: Paul Willy, whose registered office is located at the following address: 22 rue des Chalets, 26500 BOURG-LES-VALENCE<\/p>\n<p><\/p>\n<p>Email address: contact@in-and-out-traduction.com<\/p>\n<p><\/p>\n<p>CREATION AND PRODUCTION<\/p>\n<p><\/p>\n<p>The website inout-traduction.com was designed and developed by Cyril Gouv.<\/p>\n<p><\/p>\n<p>WEBSITE HOST<\/p>\n<p><\/p>\n<p>The website in-and-out-traduction.com is hosted by: 1&amp;1, whose registered office is located at the following address: 7, place de la Gare, 57200 Sarreguemines, France.<\/p>\n<p>[\/et_pb_text][et_pb_text admin_label=&#8221;Title&#8221; module_class=&#8221;mentions-blurb__title&#8221; _builder_version=&#8221;4.16&#8243; _module_preset=&#8221;default&#8221; header_font=&#8221;|700|||||||&#8221; header_3_font=&#8221;|||on|||||&#8221; header_3_text_color=&#8221;#ff2c54&#8243; header_3_font_size=&#8221;28px&#8221; header_3_letter_spacing=&#8221;2px&#8221; global_colors_info=&#8221;{}&#8221;]<\/p>\n<h3>Privacy<\/h3>\n<p>[\/et_pb_text][et_pb_text admin_label=&#8221;Paragraphe&#8221; _builder_version=&#8221;4.16&#8243; _module_preset=&#8221;default&#8221; text_text_color=&#8221;#41294a&#8221; text_font_size=&#8221;28px&#8221; text_letter_spacing=&#8221;1px&#8221; text_line_height=&#8221;1.2em&#8221; global_colors_info=&#8221;{}&#8221;]<\/p>\n<p>DATA COLLECTED AND PROCESSED<\/p>\n<p><\/p>\n<p>In accordance with the provisions of Article 5 of European Regulation 2016\/679, the collection and processing of data from users of the website comply with the following principles:<\/p>\n<p><\/p>\n<p>Lawfulness, fairness, and transparency: data may only be collected and processed with the consent of the user who owns the data. Whenever personal data is collected, the user will be informed that their data is being collected and for what purposes.<\/p>\n<p><\/p>\n<p>Limited purposes: data collection and processing are carried out to fulfill one or more purposes specified in this legal notice.<\/p>\n<p><\/p>\n<p>Minimization of data collection and processing: only data necessary for the proper fulfillment of the purposes pursued by the website are collected.<\/p>\n<p><\/p>\n<p>Limited data retention period: data is retained for a limited period of time, of which the user is informed. If the retention period cannot be communicated to the user.<\/p>\n<p><\/p>\n<p>Integrity and confidentiality of data collected and processed: the data controller undertakes to guarantee the integrity and confidentiality of the data collected.<\/p>\n<p>[\/et_pb_text][\/et_pb_column][\/et_pb_row][\/et_pb_section][et_pb_section fb_built=&#8221;1&#8243; custom_padding_last_edited=&#8221;on|phone&#8221; admin_label=&#8221;Services&#8221; module_id=&#8221;services&#8221; _builder_version=&#8221;4.16&#8243; _module_preset=&#8221;default&#8221; custom_padding=&#8221;150px|100px|150px|100px|false|false&#8221; custom_padding_tablet=&#8221;125px||125px||false|false&#8221; custom_padding_phone=&#8221;100px||100px||false|false&#8221; global_colors_info=&#8221;{}&#8221;][et_pb_row column_structure=&#8221;3_5,2_5&#8243; use_custom_gutter=&#8221;on&#8221; gutter_width=&#8221;1&#8243; _builder_version=&#8221;4.16&#8243; _module_preset=&#8221;default&#8221; width=&#8221;100%&#8221; max_width=&#8221;100%&#8221; global_colors_info=&#8221;{}&#8221;][et_pb_column type=&#8221;3_5&#8243; _builder_version=&#8221;4.16&#8243; _module_preset=&#8221;default&#8221; global_colors_info=&#8221;{}&#8221;][et_pb_text admin_label=&#8221;Services Lists&#8221; module_class=&#8221;services-lists&#8221; _builder_version=&#8221;4.16&#8243; _module_preset=&#8221;default&#8221; global_colors_info=&#8221;{}&#8221;]<\/p>\n<ul>\n<li><a href=\"\/services\/traduction\" data-mce-href=\"\/services\/traduction\">Traduction&gt;<\/a><\/li>\n<li><a href=\"\/services\/relecture-edition\" data-mce-href=\"\/services\/relecture-edition\">Relecture \/ \u00c9dition&gt;<\/a><\/li>\n<li><a href=\"\/services\/redaction-web\" data-mce-href=\"\/services\/redaction-web\">R\u00e9daction Web&gt;<\/a><\/li>\n<li><a href=\"\/services\/sous-titrage\" data-mce-href=\"\/services\/sous-titrage\">Sous-titrage&gt;<\/a><\/li>\n<\/ul>\n<p>[\/et_pb_text][\/et_pb_column][et_pb_column type=&#8221;2_5&#8243; _builder_version=&#8221;4.16&#8243; _module_preset=&#8221;default&#8221; global_colors_info=&#8221;{}&#8221;][et_pb_text admin_label=&#8221;Title&#8221; module_class=&#8221;services-title&#8221; _builder_version=&#8221;4.16&#8243; _module_preset=&#8221;default&#8221; header_3_font=&#8221;|700||on|||||&#8221; header_3_text_color=&#8221;#ff2c54&#8243; header_3_font_size=&#8221;16px&#8221; header_3_letter_spacing=&#8221;1px&#8221; global_colors_info=&#8221;{}&#8221;]<\/p>\n<h3>Nos services<\/h3>\n<p>[\/et_pb_text][et_pb_text module_class=&#8221;services-text&#8221; _builder_version=&#8221;4.16&#8243; _module_preset=&#8221;default&#8221; text_font=&#8221;|600|||||||&#8221; text_text_color=&#8221;#000000&#8243; text_font_size=&#8221;20px&#8221; text_letter_spacing=&#8221;1px&#8221; global_colors_info=&#8221;{}&#8221;]<\/p>\n<p>Pour tous vos besoins linguistiques et r\u00e9dactionnels, faites appel \u00e0 de v\u00e9ritables professionnels.<\/p>\n<p>[\/et_pb_text][\/et_pb_column][\/et_pb_row][et_pb_row module_class=&#8221;backTop&#8221; _builder_version=&#8221;4.16&#8243; _module_preset=&#8221;default&#8221; global_colors_info=&#8221;{}&#8221;][et_pb_column type=&#8221;4_4&#8243; _builder_version=&#8221;4.16&#8243; _module_preset=&#8221;default&#8221; global_colors_info=&#8221;{}&#8221;][et_pb_text admin_label=&#8221;Back To the Top&#8221; _builder_version=&#8221;4.16&#8243; _module_preset=&#8221;default&#8221; global_colors_info=&#8221;{}&#8221;]<\/p>\n<p><a href=\"#backTop\" data-mce-href=\"#backTop\">Top<\/a><\/p>\n<p>[\/et_pb_text][\/et_pb_column][\/et_pb_row][\/et_pb_section][et_pb_section fb_built=&#8221;1&#8243; admin_label=&#8221;Contact&#8221; module_id=&#8221;contact&#8221; _builder_version=&#8221;4.16&#8243; _module_preset=&#8221;default&#8221; background_enable_color=&#8221;off&#8221; custom_margin=&#8221;0px||0px||false|false&#8221; custom_padding=&#8221;0px|100px|0px|100px|false|false&#8221; global_colors_info=&#8221;{}&#8221;][et_pb_row use_custom_gutter=&#8221;on&#8221; gutter_width=&#8221;1&#8243; _builder_version=&#8221;4.16&#8243; _module_preset=&#8221;default&#8221; background_color=&#8221;#ff2c54&#8243; width=&#8221;100%&#8221; max_width=&#8221;100%&#8221; custom_padding=&#8221;70px|50px|70px|50px|false|false&#8221; border_radii=&#8221;on|1px|1px|1px|1px&#8221; global_colors_info=&#8221;{}&#8221;][et_pb_column type=&#8221;4_4&#8243; _builder_version=&#8221;4.16&#8243; _module_preset=&#8221;default&#8221; global_colors_info=&#8221;{}&#8221;][et_pb_text admin_label=&#8221;Title&#8221; module_class=&#8221;contact-title&#8221; _builder_version=&#8221;4.16&#8243; _module_preset=&#8221;default&#8221; header_2_font=&#8221;|700||on|||||&#8221; header_2_text_color=&#8221;#ffffff&#8221; header_2_font_size=&#8221;28px&#8221; header_2_letter_spacing=&#8221;2px&#8221; global_colors_info=&#8221;{}&#8221;]<\/p>\n<h2>Besoin d&#8217;une traduction ?<\/h2>\n<p>[\/et_pb_text][et_pb_text module_class=&#8221;contact-text&#8221; _builder_version=&#8221;4.16&#8243; _module_preset=&#8221;default&#8221; text_font=&#8221;|700|||||||&#8221; text_text_color=&#8221;#ffffff&#8221; text_font_size=&#8221;20px&#8221; text_letter_spacing=&#8221;1px&#8221; global_colors_info=&#8221;{}&#8221;]<\/p>\n<p class=\"p1\"><span class=\"s1\"><b>Nous vous garantissons une r\u00e9ponse et un devis en moins de 24h.<\/b><\/span><\/p>\n<p>[\/et_pb_text][et_pb_text admin_label=&#8221;Contact Mobile &#038; Email&#8221; module_class=&#8221;contact-text contact-infos&#8221; _builder_version=&#8221;4.16&#8243; _module_preset=&#8221;default&#8221; text_font=&#8221;|700|||||||&#8221; text_text_color=&#8221;#ffffff&#8221; text_font_size=&#8221;20px&#8221; text_letter_spacing=&#8221;1px&#8221; global_colors_info=&#8221;{}&#8221;]<\/p>\n<p><a class=\"contact-infos__phone\" href=\"tel:+33675671260\" target=\"_blank\" rel=\"noopener noreferrer\" data-mce-href=\"tel:+33675671260\"><img decoding=\"async\" src=\"https:\/\/in-and-out-traduction.com\/wp-content\/uploads\/2020\/08\/phone-icon.svg\" alt=\"Num\u00e9ro de t\u00e9l\u00e9phone In &amp; Out Traduction\" data-mce-src=\"https:\/\/in-and-out-traduction.com\/wp-content\/uploads\/2020\/08\/phone-icon.svg\">06 75 67 12 60<\/a><a class=\"contact-infos__email\" href=\"mailto:contact@in-and-out-traduction.com\" target=\"_blank\" rel=\"noopener noreferrer\" data-mce-href=\"mailto:contact@in-and-out-traduction.com\"><img decoding=\"async\" src=\"https:\/\/in-and-out-traduction.com\/wp-content\/uploads\/2020\/08\/email-icon.svg\" alt=\"Adresse Email In &amp; Out Traduction\" data-mce-src=\"https:\/\/in-and-out-traduction.com\/wp-content\/uploads\/2020\/08\/email-icon.svg\">contact@in-and-out-traduction.com<\/a><\/p>\n<p>[\/et_pb_text][et_pb_text admin_label=&#8221;Button&#8221; module_class=&#8221;contact-btn&#8221; _builder_version=&#8221;4.16&#8243; _module_preset=&#8221;default&#8221; global_colors_info=&#8221;{}&#8221;]<\/p>\n<p><a class=\"btn-default\" href=\"mailto:contact@in-and-out-traduction.com\" target=\"_blank\" rel=\"noopener noreferrer\" data-mce-href=\"mailto:contact@in-and-out-traduction.com\">Contactez-nous<\/a><\/p>\n<p>[\/et_pb_text][\/et_pb_column][\/et_pb_row][\/et_pb_section]<\/p>\n","protected":false},"excerpt":{"rendered":"<p>Legal NoticeIn accordance with the provisions of Articles 6-III and 19 of Law No. 2004-575 of June 21, 2004 on confidence in the digital economy, users and visitors to the site are hereby informed of the following legal notices.Articles 6-III and 19Faire d\u00e9filerFacebookLinkedinContactez-nousLegal informationPursuant to Article 6 of Law No. 2004-575 of June 21, 2004 [&hellip;]<\/p>\n","protected":false},"author":1,"featured_media":0,"parent":0,"menu_order":0,"comment_status":"closed","ping_status":"closed","template":"","meta":{"_et_pb_use_builder":"on","_et_pb_old_content":"","_et_gb_content_width":"","footnotes":""},"class_list":["post-1010","page","type-page","status-publish","hentry"],"yoast_head":"<!-- This site is optimized with the Yoast SEO plugin v26.3 - https:\/\/yoast.com\/wordpress\/plugins\/seo\/ -->\n<title>Legal Notice - In&amp;Out Traduction<\/title>\n<meta name=\"robots\" content=\"index, follow, max-snippet:-1, max-image-preview:large, max-video-preview:-1\" \/>\n<link rel=\"canonical\" href=\"https:\/\/in-and-out-traduction.com\/mentions-legales\/\" \/>\n<meta property=\"og:locale\" content=\"en_US\" \/>\n<meta property=\"og:type\" content=\"article\" \/>\n<meta property=\"og:title\" content=\"Legal Notice - In&amp;Out Traduction\" \/>\n<meta property=\"og:description\" content=\"Legal NoticeIn accordance with the provisions of Articles 6-III and 19 of Law No. 2004-575 of June 21, 2004 on confidence in the digital economy, users and visitors to the site are hereby informed of the following legal notices.Articles 6-III and 19Faire d\u00e9filerFacebookLinkedinContactez-nousLegal informationPursuant to Article 6 of Law No. 2004-575 of June 21, 2004 [&hellip;]\" \/>\n<meta property=\"og:url\" content=\"https:\/\/in-and-out-traduction.com\/mentions-legales\/\" \/>\n<meta property=\"og:site_name\" content=\"In&amp;Out Traduction\" \/>\n<meta property=\"article:modified_time\" content=\"2025-07-22T10:53:43+00:00\" \/>\n<meta property=\"og:image\" content=\"https:\/\/in-and-out-traduction.com\/wp-content\/uploads\/2020\/08\/arrow-down.svg\" \/>\n<meta name=\"twitter:card\" content=\"summary_large_image\" \/>\n<meta name=\"twitter:label1\" content=\"Est. reading time\" \/>\n\t<meta name=\"twitter:data1\" content=\"7 minutes\" \/>\n<script type=\"application\/ld+json\" class=\"yoast-schema-graph\">{\"@context\":\"https:\/\/schema.org\",\"@graph\":[{\"@type\":\"WebPage\",\"@id\":\"https:\/\/in-and-out-traduction.com\/mentions-legales\/\",\"url\":\"https:\/\/in-and-out-traduction.com\/mentions-legales\/\",\"name\":\"Legal Notice - In&amp;Out Traduction\",\"isPartOf\":{\"@id\":\"https:\/\/in-and-out-traduction.com\/#website\"},\"primaryImageOfPage\":{\"@id\":\"https:\/\/in-and-out-traduction.com\/mentions-legales\/#primaryimage\"},\"image\":{\"@id\":\"https:\/\/in-and-out-traduction.com\/mentions-legales\/#primaryimage\"},\"thumbnailUrl\":\"https:\/\/in-and-out-traduction.com\/wp-content\/uploads\/2020\/08\/arrow-down.svg\",\"datePublished\":\"2020-11-04T08:06:30+00:00\",\"dateModified\":\"2025-07-22T10:53:43+00:00\",\"breadcrumb\":{\"@id\":\"https:\/\/in-and-out-traduction.com\/mentions-legales\/#breadcrumb\"},\"inLanguage\":\"en-US\",\"potentialAction\":[{\"@type\":\"ReadAction\",\"target\":[\"https:\/\/in-and-out-traduction.com\/mentions-legales\/\"]}]},{\"@type\":\"ImageObject\",\"inLanguage\":\"en-US\",\"@id\":\"https:\/\/in-and-out-traduction.com\/mentions-legales\/#primaryimage\",\"url\":\"https:\/\/in-and-out-traduction.com\/wp-content\/uploads\/2020\/08\/arrow-down.svg\",\"contentUrl\":\"https:\/\/in-and-out-traduction.com\/wp-content\/uploads\/2020\/08\/arrow-down.svg\"},{\"@type\":\"BreadcrumbList\",\"@id\":\"https:\/\/in-and-out-traduction.com\/mentions-legales\/#breadcrumb\",\"itemListElement\":[{\"@type\":\"ListItem\",\"position\":1,\"name\":\"Accueil\",\"item\":\"https:\/\/in-and-out-traduction.com\/en\/\"},{\"@type\":\"ListItem\",\"position\":2,\"name\":\"Legal Notice\"}]},{\"@type\":\"WebSite\",\"@id\":\"https:\/\/in-and-out-traduction.com\/#website\",\"url\":\"https:\/\/in-and-out-traduction.com\/\",\"name\":\"In&amp;Out Traduction\",\"description\":\"Des traductions \u00e0 la hauteur de vos ambitions\",\"publisher\":{\"@id\":\"https:\/\/in-and-out-traduction.com\/#organization\"},\"potentialAction\":[{\"@type\":\"SearchAction\",\"target\":{\"@type\":\"EntryPoint\",\"urlTemplate\":\"https:\/\/in-and-out-traduction.com\/?s={search_term_string}\"},\"query-input\":{\"@type\":\"PropertyValueSpecification\",\"valueRequired\":true,\"valueName\":\"search_term_string\"}}],\"inLanguage\":\"en-US\"},{\"@type\":\"Organization\",\"@id\":\"https:\/\/in-and-out-traduction.com\/#organization\",\"name\":\"In&Out traduction\",\"url\":\"https:\/\/in-and-out-traduction.com\/\",\"logo\":{\"@type\":\"ImageObject\",\"inLanguage\":\"en-US\",\"@id\":\"https:\/\/in-and-out-traduction.com\/#\/schema\/logo\/image\/\",\"url\":\"https:\/\/in-and-out-traduction.com\/wp-content\/uploads\/2020\/08\/in-and-out-traduction-favicon.png\",\"contentUrl\":\"https:\/\/in-and-out-traduction.com\/wp-content\/uploads\/2020\/08\/in-and-out-traduction-favicon.png\",\"width\":512,\"height\":512,\"caption\":\"In&Out traduction\"},\"image\":{\"@id\":\"https:\/\/in-and-out-traduction.com\/#\/schema\/logo\/image\/\"}}]}<\/script>\n<!-- \/ Yoast SEO plugin. -->","yoast_head_json":{"title":"Legal Notice - In&amp;Out Traduction","robots":{"index":"index","follow":"follow","max-snippet":"max-snippet:-1","max-image-preview":"max-image-preview:large","max-video-preview":"max-video-preview:-1"},"canonical":"https:\/\/in-and-out-traduction.com\/mentions-legales\/","og_locale":"en_US","og_type":"article","og_title":"Legal Notice - In&amp;Out Traduction","og_description":"Legal NoticeIn accordance with the provisions of Articles 6-III and 19 of Law No. 2004-575 of June 21, 2004 on confidence in the digital economy, users and visitors to the site are hereby informed of the following legal notices.Articles 6-III and 19Faire d\u00e9filerFacebookLinkedinContactez-nousLegal informationPursuant to Article 6 of Law No. 2004-575 of June 21, 2004 [&hellip;]","og_url":"https:\/\/in-and-out-traduction.com\/mentions-legales\/","og_site_name":"In&amp;Out Traduction","article_modified_time":"2025-07-22T10:53:43+00:00","og_image":[{"url":"https:\/\/in-and-out-traduction.com\/wp-content\/uploads\/2020\/08\/arrow-down.svg","type":"","width":"","height":""}],"twitter_card":"summary_large_image","twitter_misc":{"Est. reading time":"7 minutes"},"schema":{"@context":"https:\/\/schema.org","@graph":[{"@type":"WebPage","@id":"https:\/\/in-and-out-traduction.com\/mentions-legales\/","url":"https:\/\/in-and-out-traduction.com\/mentions-legales\/","name":"Legal Notice - In&amp;Out Traduction","isPartOf":{"@id":"https:\/\/in-and-out-traduction.com\/#website"},"primaryImageOfPage":{"@id":"https:\/\/in-and-out-traduction.com\/mentions-legales\/#primaryimage"},"image":{"@id":"https:\/\/in-and-out-traduction.com\/mentions-legales\/#primaryimage"},"thumbnailUrl":"https:\/\/in-and-out-traduction.com\/wp-content\/uploads\/2020\/08\/arrow-down.svg","datePublished":"2020-11-04T08:06:30+00:00","dateModified":"2025-07-22T10:53:43+00:00","breadcrumb":{"@id":"https:\/\/in-and-out-traduction.com\/mentions-legales\/#breadcrumb"},"inLanguage":"en-US","potentialAction":[{"@type":"ReadAction","target":["https:\/\/in-and-out-traduction.com\/mentions-legales\/"]}]},{"@type":"ImageObject","inLanguage":"en-US","@id":"https:\/\/in-and-out-traduction.com\/mentions-legales\/#primaryimage","url":"https:\/\/in-and-out-traduction.com\/wp-content\/uploads\/2020\/08\/arrow-down.svg","contentUrl":"https:\/\/in-and-out-traduction.com\/wp-content\/uploads\/2020\/08\/arrow-down.svg"},{"@type":"BreadcrumbList","@id":"https:\/\/in-and-out-traduction.com\/mentions-legales\/#breadcrumb","itemListElement":[{"@type":"ListItem","position":1,"name":"Accueil","item":"https:\/\/in-and-out-traduction.com\/en\/"},{"@type":"ListItem","position":2,"name":"Legal Notice"}]},{"@type":"WebSite","@id":"https:\/\/in-and-out-traduction.com\/#website","url":"https:\/\/in-and-out-traduction.com\/","name":"In&amp;Out Traduction","description":"Des traductions \u00e0 la hauteur de vos ambitions","publisher":{"@id":"https:\/\/in-and-out-traduction.com\/#organization"},"potentialAction":[{"@type":"SearchAction","target":{"@type":"EntryPoint","urlTemplate":"https:\/\/in-and-out-traduction.com\/?s={search_term_string}"},"query-input":{"@type":"PropertyValueSpecification","valueRequired":true,"valueName":"search_term_string"}}],"inLanguage":"en-US"},{"@type":"Organization","@id":"https:\/\/in-and-out-traduction.com\/#organization","name":"In&Out traduction","url":"https:\/\/in-and-out-traduction.com\/","logo":{"@type":"ImageObject","inLanguage":"en-US","@id":"https:\/\/in-and-out-traduction.com\/#\/schema\/logo\/image\/","url":"https:\/\/in-and-out-traduction.com\/wp-content\/uploads\/2020\/08\/in-and-out-traduction-favicon.png","contentUrl":"https:\/\/in-and-out-traduction.com\/wp-content\/uploads\/2020\/08\/in-and-out-traduction-favicon.png","width":512,"height":512,"caption":"In&Out traduction"},"image":{"@id":"https:\/\/in-and-out-traduction.com\/#\/schema\/logo\/image\/"}}]}},"_links":{"self":[{"href":"https:\/\/in-and-out-traduction.com\/en\/wp-json\/wp\/v2\/pages\/1010","targetHints":{"allow":["GET"]}}],"collection":[{"href":"https:\/\/in-and-out-traduction.com\/en\/wp-json\/wp\/v2\/pages"}],"about":[{"href":"https:\/\/in-and-out-traduction.com\/en\/wp-json\/wp\/v2\/types\/page"}],"author":[{"embeddable":true,"href":"https:\/\/in-and-out-traduction.com\/en\/wp-json\/wp\/v2\/users\/1"}],"replies":[{"embeddable":true,"href":"https:\/\/in-and-out-traduction.com\/en\/wp-json\/wp\/v2\/comments?post=1010"}],"version-history":[{"count":11,"href":"https:\/\/in-and-out-traduction.com\/en\/wp-json\/wp\/v2\/pages\/1010\/revisions"}],"predecessor-version":[{"id":1888,"href":"https:\/\/in-and-out-traduction.com\/en\/wp-json\/wp\/v2\/pages\/1010\/revisions\/1888"}],"wp:attachment":[{"href":"https:\/\/in-and-out-traduction.com\/en\/wp-json\/wp\/v2\/media?parent=1010"}],"curies":[{"name":"wp","href":"https:\/\/api.w.org\/{rel}","templated":true}]}}