{"id":1013,"date":"2020-11-04T09:14:05","date_gmt":"2020-11-04T08:14:05","guid":{"rendered":"https:\/\/in-and-out-traduction.com\/mentions-legales\/"},"modified":"2025-07-22T12:54:03","modified_gmt":"2025-07-22T10:54:03","slug":"mentions-legales","status":"publish","type":"page","link":"https:\/\/in-and-out-traduction.com\/es\/mentions-legales\/","title":{"rendered":"Aviso legal"},"content":{"rendered":"<p>[et_pb_section fb_built=\u00bb1&#8243; admin_label=\u00bbHero\u00bb module_id=\u00bbhero-default\u00bb _builder_version=\u00bb4.16&#8243; _module_preset=\u00bbdefault\u00bb custom_margin=\u00bb0px||0px||false|false\u00bb custom_padding=\u00bb0px||0px||false|false\u00bb global_colors_info=\u00bb{}\u00bb][et_pb_row column_structure=\u00bb2_5,3_5&#8243; use_custom_gutter=\u00bbon\u00bb gutter_width=\u00bb1&#8243; _builder_version=\u00bb4.16&#8243; _module_preset=\u00bbdefault\u00bb width=\u00bb100%\u00bb max_width=\u00bb100%\u00bb custom_margin=\u00bb0px||0px||false|false\u00bb custom_padding=\u00bb0px||0px||false|false\u00bb global_colors_info=\u00bb{}\u00bb][et_pb_column type=\u00bb2_5&#8243; _builder_version=\u00bb4.16&#8243; _module_preset=\u00bbdefault\u00bb custom_padding=\u00bb|||100px|false|false\u00bb global_colors_info=\u00bb{}\u00bb][et_pb_text admin_label=\u00bbTitle H1&#8243; _builder_version=\u00bb4.16&#8243; _module_preset=\u00bbdefault\u00bb text_font=\u00bb|||on|||||\u00bb text_text_color=\u00bb#41294a\u00bb text_font_size=\u00bb52px\u00bb text_letter_spacing=\u00bb2px\u00bb custom_padding=\u00bb||||false|false\u00bb global_colors_info=\u00bb{}\u00bb]<\/p>\n<h1>Aviso legal<\/h1>\n<p>[\/et_pb_text][et_pb_text admin_label=\u00bbSubTitle H2&#8243; _builder_version=\u00bb4.16&#8243; _module_preset=\u00bbdefault\u00bb text_text_color=\u00bb#000000&#8243; text_font_size=\u00bb20px\u00bb text_letter_spacing=\u00bb1px\u00bb header_2_text_color=\u00bb#000000&#8243; header_2_font_size=\u00bb20px\u00bb header_2_letter_spacing=\u00bb1px\u00bb width=\u00bb85%\u00bb global_colors_info=\u00bb{}\u00bb]<\/p>\n<h2>De conformidad con lo dispuesto en los art\u00edculos 6-III y 19 de la Ley n.\u00ba 2004-575, de 21 de junio de 2004, relativa a la confianza en la econom\u00eda digital, se informa a los usuarios y visitantes del sitio web de los siguientes avisos legales.<\/h2>\n<p>[\/et_pb_text][\/et_pb_column][et_pb_column type=\u00bb3_5&#8243; _builder_version=\u00bb4.16&#8243; _module_preset=\u00bbdefault\u00bb global_colors_info=\u00bb{}\u00bb][et_pb_slider show_pagination=\u00bboff\u00bb admin_label=\u00bbSlider\u00bb module_class=\u00bbhero-slider\u00bb _builder_version=\u00bb4.16&#8243; _module_preset=\u00bbdefault\u00bb background_color=\u00bb#ff2c54&#8243; global_colors_info=\u00bb{}\u00bb][et_pb_slide heading=\u00bbAVISO LEGAL.\u00bb image=\u00bbhttps:\/\/in-and-out-traduction.com\/wp-content\/uploads\/2020\/08\/in-traduction-video-game.jpg\u00bb _builder_version=\u00bb4.16&#8243; _module_preset=\u00bbdefault\u00bb background_enable_color=\u00bboff\u00bb global_colors_info=\u00bb{}\u00bb sticky_transition=\u00bbon\u00bb]<\/p>\n<h3>Art\u00edculos 6-III y 19<\/h3>\n<p>[\/et_pb_slide][\/et_pb_slider][\/et_pb_column][\/et_pb_row][et_pb_row column_structure=\u00bb2_5,3_5&#8243; use_custom_gutter=\u00bbon\u00bb gutter_width=\u00bb1&#8243; module_class=\u00bbhero-bottom\u00bb _builder_version=\u00bb4.16&#8243; _module_preset=\u00bbdefault\u00bb width=\u00bb100%\u00bb max_width=\u00bb100%\u00bb global_colors_info=\u00bb{}\u00bb][et_pb_column type=\u00bb2_5&#8243; _builder_version=\u00bb4.16&#8243; _module_preset=\u00bbdefault\u00bb global_colors_info=\u00bb{}\u00bb][et_pb_text admin_label=\u00bbArrow Scroll + Text\u00bb module_class=\u00bbhero-bottom__arrow\u00bb _builder_version=\u00bb4.16&#8243; _module_preset=\u00bbdefault\u00bb global_colors_info=\u00bb{}\u00bb]<\/p>\n<p><a href=\"#blurb\"><img decoding=\"async\" src=\"https:\/\/in-and-out-traduction.com\/wp-content\/uploads\/2020\/08\/arrow-down.svg\" alt=\"Fl\u00e8che de scroll vers le bas\" \/><\/a>Faire d\u00e9filer<\/p>\n<p>[\/et_pb_text][\/et_pb_column][et_pb_column type=\u00bb3_5&#8243; _builder_version=\u00bb4.16&#8243; _module_preset=\u00bbdefault\u00bb global_colors_info=\u00bb{}\u00bb][et_pb_text admin_label=\u00bbSocials Network\u00bb module_class=\u00bbhero-bottom__socials\u00bb _builder_version=\u00bb4.16&#8243; _module_preset=\u00bbdefault\u00bb global_colors_info=\u00bb{}\u00bb]<\/p>\n<ul>\n<li><a href=\"https:\/\/www.facebook.com\/InOut-Traduction-649261525685691\" target=\"_blank\" rel=\"noopener noreferrer\">Facebook<\/a><\/li>\n<li><a href=\"https:\/\/www.linkedin.com\/in\/willy-paul-50b979a1\/\" target=\"_blank\" rel=\"noopener noreferrer\">Linkedin<\/a><\/li>\n<\/ul>\n<p>[\/et_pb_text][\/et_pb_column][\/et_pb_row][et_pb_row module_class=\u00bbhero-phone\u00bb _builder_version=\u00bb4.16&#8243; _module_preset=\u00bbdefault\u00bb global_colors_info=\u00bb{}\u00bb][et_pb_column type=\u00bb4_4&#8243; _builder_version=\u00bb4.16&#8243; _module_preset=\u00bbdefault\u00bb global_colors_info=\u00bb{}\u00bb][et_pb_text admin_label=\u00bbPhone Contact\u00bb _builder_version=\u00bb4.16&#8243; _module_preset=\u00bbdefault\u00bb global_colors_info=\u00bb{}\u00bb]<\/p>\n<p><a href=\"tel:+33675671260\"><img decoding=\"async\" src=\"https:\/\/in-and-out-traduction.com\/wp-content\/uploads\/2020\/08\/contact-phone-icon.svg\" alt=\"Contactez nous par t\u00e9l\u00e9phone\" \/><\/a>Contactez-nous<\/p>\n<p>[\/et_pb_text][\/et_pb_column][\/et_pb_row][\/et_pb_section][et_pb_section fb_built=\u00bb1&#8243; admin_label=\u00bbBlurb\u00bb module_id=\u00bbblurb\u00bb _builder_version=\u00bb4.16&#8243; _module_preset=\u00bbdefault\u00bb custom_margin=\u00bb||||false|false\u00bb custom_padding=\u00bb150px||150px||false|false\u00bb global_colors_info=\u00bb{}\u00bb][et_pb_row module_class=\u00bbblurb-row\u00bb _builder_version=\u00bb4.16&#8243; _module_preset=\u00bbdefault\u00bb custom_padding=\u00bb75px||75px||false|false\u00bb border_radii=\u00bbon|1px|1px|1px|1px\u00bb border_width_left=\u00bb3px\u00bb border_color_left=\u00bb#FF2C54&#8243; global_colors_info=\u00bb{}\u00bb][et_pb_column type=\u00bb4_4&#8243; _builder_version=\u00bb4.16&#8243; _module_preset=\u00bbdefault\u00bb global_colors_info=\u00bb{}\u00bb][et_pb_text admin_label=\u00bbTitle\u00bb _builder_version=\u00bb4.16&#8243; _module_preset=\u00bbdefault\u00bb header_font=\u00bb|700|||||||\u00bb header_3_font=\u00bb|||on|||||\u00bb header_3_text_color=\u00bb#ff2c54&#8243; header_3_font_size=\u00bb28px\u00bb header_3_letter_spacing=\u00bb2px\u00bb global_colors_info=\u00bb{}\u00bb]<\/p>\n<h3>Informaci\u00f3n legal<\/h3>\n<p>[\/et_pb_text][et_pb_text admin_label=\u00bbParagraphe\u00bb _builder_version=\u00bb4.16&#8243; _module_preset=\u00bbdefault\u00bb text_text_color=\u00bb#41294a\u00bb text_font_size=\u00bb28px\u00bb text_letter_spacing=\u00bb1px\u00bb text_line_height=\u00bb1.2em\u00bb global_colors_info=\u00bb{}\u00bb]<\/p>\n<p>En virtud del art\u00edculo 6 de la Ley n.\u00ba 2004-575, de 21 de junio de 2004, relativa a la confianza en la econom\u00eda digital, en este art\u00edculo se especifica la identidad de los diferentes intervinientes en el marco de su realizaci\u00f3n y seguimiento.<\/p>\n<p>EDITOR DEL SITIO<\/p>\n<p>El sitio web in-and-out-traduction.com est\u00e1 editado por: Paul Willy, con domicilio social en la siguiente direcci\u00f3n: 22 rue des Chalets, 26500 BOURG-LES-VALENCE<\/p>\n<p>Direcci\u00f3n de correo electr\u00f3nico: contact@in-and-out-traduction.com<\/p>\n<p>CREACI\u00d3N Y REALIZACI\u00d3N<\/p>\n<p>El sitio web inout-traduction.com ha sido dise\u00f1ado y desarrollado por Cyril Gouv.<\/p>\n<p>ALOJAMIENTO DEL SITIO WEB<\/p>\n<p>El sitio web in-and-out-traduction.com est\u00e1 alojado por: 1&amp;1, con sede en la siguiente direcci\u00f3n: 7, place de la Gare, 57200 Sarreguemines, Francia.<\/p>\n<p>[\/et_pb_text][et_pb_text admin_label=\u00bbTitle\u00bb module_class=\u00bbmentions-blurb__title\u00bb _builder_version=\u00bb4.16&#8243; _module_preset=\u00bbdefault\u00bb header_font=\u00bb|700|||||||\u00bb header_3_font=\u00bb|||on|||||\u00bb header_3_text_color=\u00bb#ff2c54&#8243; header_3_font_size=\u00bb28px\u00bb header_3_letter_spacing=\u00bb2px\u00bb global_colors_info=\u00bb{}\u00bb]<\/p>\n<h3>Confidencialidad<\/h3>\n<p>[\/et_pb_text][et_pb_text admin_label=\u00bbParagraphe\u00bb _builder_version=\u00bb4.16&#8243; _module_preset=\u00bbdefault\u00bb text_text_color=\u00bb#41294a\u00bb text_font_size=\u00bb28px\u00bb text_letter_spacing=\u00bb1px\u00bb text_line_height=\u00bb1.2em\u00bb global_colors_info=\u00bb{}\u00bb]<\/p>\n<p>DATOS RECOPILADOS Y TRATADOS<\/p>\n<p>De conformidad con lo dispuesto en el art\u00edculo 5 del Reglamento Europeo 2016\/679, la recopilaci\u00f3n y el tratamiento de los datos de los usuarios del sitio web se ajustan a los siguientes principios:<\/p>\n<p>Licitud, lealtad y transparencia: los datos solo pueden recopilarse y tratarse con el consentimiento del usuario propietario de los datos. <\/p>\n<p>Cada vez que se recopilen datos de car\u00e1cter personal, se indicar\u00e1 al usuario que sus datos est\u00e1n siendo recopilados y los motivos por los que se recopilan.<\/p>\n<p>Finalidad limitada: la recogida y el tratamiento de los datos se realizan para responder a uno o varios objetivos determinados en el presente aviso legal.<\/p>\n<p>Minimizaci\u00f3n de la recogida y el tratamiento de los datos: solo se recogen los datos necesarios para la correcta ejecuci\u00f3n de los objetivos perseguidos por el sitio web.Conservaci\u00f3n de los datos durante un tiempo limitado: los datos se conservan durante un periodo limitado, del que se informa al usuario.<\/p>\n<p>Si no es posible comunicar al usuario el periodo de conservaci\u00f3n.Integridad y confidencialidad de los datos recogidos y tratados: el responsable del tratamiento de los datos se compromete a garantizar la integridad y la confidencialidad de los datos recogidos.<\/p>\n<p>[\/et_pb_text][\/et_pb_column][\/et_pb_row][\/et_pb_section][et_pb_section fb_built=\u00bb1&#8243; custom_padding_last_edited=\u00bbon|phone\u00bb admin_label=\u00bbServices\u00bb module_id=\u00bbservices\u00bb _builder_version=\u00bb4.16&#8243; _module_preset=\u00bbdefault\u00bb custom_padding=\u00bb150px|100px|150px|100px|false|false\u00bb custom_padding_tablet=\u00bb125px||125px||false|false\u00bb custom_padding_phone=\u00bb100px||100px||false|false\u00bb global_colors_info=\u00bb{}\u00bb][et_pb_row column_structure=\u00bb3_5,2_5&#8243; use_custom_gutter=\u00bbon\u00bb gutter_width=\u00bb1&#8243; _builder_version=\u00bb4.16&#8243; _module_preset=\u00bbdefault\u00bb width=\u00bb100%\u00bb max_width=\u00bb100%\u00bb global_colors_info=\u00bb{}\u00bb][et_pb_column type=\u00bb3_5&#8243; _builder_version=\u00bb4.16&#8243; _module_preset=\u00bbdefault\u00bb global_colors_info=\u00bb{}\u00bb][et_pb_text admin_label=\u00bbServices Lists\u00bb module_class=\u00bbservices-lists\u00bb _builder_version=\u00bb4.16&#8243; _module_preset=\u00bbdefault\u00bb global_colors_info=\u00bb{}\u00bb]<\/p>\n<ul>\n<li><a href=\"\/services\/traduction\">Traduction&gt;<\/a><\/li>\n<li><a href=\"\/services\/relecture-edition\">Relecture \/ \u00c9dition&gt;<\/a><\/li>\n<li><a href=\"\/services\/redaction-web\">R\u00e9daction Web&gt;<\/a><\/li>\n<li><a href=\"\/services\/sous-titrage\">Sous-titrage&gt;<\/a><\/li>\n<\/ul>\n<p>[\/et_pb_text][\/et_pb_column][et_pb_column type=\u00bb2_5&#8243; _builder_version=\u00bb4.16&#8243; _module_preset=\u00bbdefault\u00bb global_colors_info=\u00bb{}\u00bb][et_pb_text admin_label=\u00bbTitle\u00bb module_class=\u00bbservices-title\u00bb _builder_version=\u00bb4.16&#8243; _module_preset=\u00bbdefault\u00bb header_3_font=\u00bb|700||on|||||\u00bb header_3_text_color=\u00bb#ff2c54&#8243; header_3_font_size=\u00bb16px\u00bb header_3_letter_spacing=\u00bb1px\u00bb global_colors_info=\u00bb{}\u00bb]<\/p>\n<h3>Nos services<\/h3>\n<p>[\/et_pb_text][et_pb_text module_class=\u00bbservices-text\u00bb _builder_version=\u00bb4.16&#8243; _module_preset=\u00bbdefault\u00bb text_font=\u00bb|600|||||||\u00bb text_text_color=\u00bb#000000&#8243; text_font_size=\u00bb20px\u00bb text_letter_spacing=\u00bb1px\u00bb global_colors_info=\u00bb{}\u00bb]<\/p>\n<p>Pour tous vos besoins linguistiques et r\u00e9dactionnels, faites appel \u00e0 de v\u00e9ritables professionnels.<\/p>\n<p>[\/et_pb_text][\/et_pb_column][\/et_pb_row][et_pb_row module_class=\u00bbbackTop\u00bb _builder_version=\u00bb4.16&#8243; _module_preset=\u00bbdefault\u00bb global_colors_info=\u00bb{}\u00bb][et_pb_column type=\u00bb4_4&#8243; _builder_version=\u00bb4.16&#8243; _module_preset=\u00bbdefault\u00bb global_colors_info=\u00bb{}\u00bb][et_pb_text admin_label=\u00bbBack To the Top\u00bb _builder_version=\u00bb4.16&#8243; _module_preset=\u00bbdefault\u00bb global_colors_info=\u00bb{}\u00bb]<\/p>\n<p><a href=\"#backTop\">Top<\/a><\/p>\n<p>[\/et_pb_text][\/et_pb_column][\/et_pb_row][\/et_pb_section][et_pb_section fb_built=\u00bb1&#8243; admin_label=\u00bbContact\u00bb module_id=\u00bbcontact\u00bb _builder_version=\u00bb4.16&#8243; _module_preset=\u00bbdefault\u00bb background_enable_color=\u00bboff\u00bb custom_margin=\u00bb0px||0px||false|false\u00bb custom_padding=\u00bb0px|100px|0px|100px|false|false\u00bb global_colors_info=\u00bb{}\u00bb][et_pb_row use_custom_gutter=\u00bbon\u00bb gutter_width=\u00bb1&#8243; _builder_version=\u00bb4.16&#8243; _module_preset=\u00bbdefault\u00bb background_color=\u00bb#ff2c54&#8243; width=\u00bb100%\u00bb max_width=\u00bb100%\u00bb custom_padding=\u00bb70px|50px|70px|50px|false|false\u00bb border_radii=\u00bbon|1px|1px|1px|1px\u00bb global_colors_info=\u00bb{}\u00bb][et_pb_column type=\u00bb4_4&#8243; _builder_version=\u00bb4.16&#8243; _module_preset=\u00bbdefault\u00bb global_colors_info=\u00bb{}\u00bb][et_pb_text admin_label=\u00bbTitle\u00bb module_class=\u00bbcontact-title\u00bb _builder_version=\u00bb4.16&#8243; _module_preset=\u00bbdefault\u00bb header_2_font=\u00bb|700||on|||||\u00bb header_2_text_color=\u00bb#ffffff\u00bb header_2_font_size=\u00bb28px\u00bb header_2_letter_spacing=\u00bb2px\u00bb global_colors_info=\u00bb{}\u00bb]<\/p>\n<h2>Besoin d&#8217;une traduction ?<\/h2>\n<p>[\/et_pb_text][et_pb_text module_class=\u00bbcontact-text\u00bb _builder_version=\u00bb4.16&#8243; _module_preset=\u00bbdefault\u00bb text_font=\u00bb|700|||||||\u00bb text_text_color=\u00bb#ffffff\u00bb text_font_size=\u00bb20px\u00bb text_letter_spacing=\u00bb1px\u00bb global_colors_info=\u00bb{}\u00bb]<\/p>\n<p class=\"p1\"><span class=\"s1\"><b>Nous vous garantissons une r\u00e9ponse et un devis en moins de 24h.<\/b><\/span><\/p>\n<p>[\/et_pb_text][et_pb_text admin_label=\u00bbContact Mobile &#038; Email\u00bb module_class=\u00bbcontact-text contact-infos\u00bb _builder_version=\u00bb4.16&#8243; _module_preset=\u00bbdefault\u00bb text_font=\u00bb|700|||||||\u00bb text_text_color=\u00bb#ffffff\u00bb text_font_size=\u00bb20px\u00bb text_letter_spacing=\u00bb1px\u00bb global_colors_info=\u00bb{}\u00bb]<\/p>\n<p><a class=\"contact-infos__phone\" href=\"tel:+33675671260\" target=\"_blank\" rel=\"noopener noreferrer\"><img decoding=\"async\" src=\"https:\/\/in-and-out-traduction.com\/wp-content\/uploads\/2020\/08\/phone-icon.svg\" alt=\"Num\u00e9ro de t\u00e9l\u00e9phone In &amp; Out Traduction\" \/>06 75 67 12 60<\/a><a class=\"contact-infos__email\" href=\"mailto:contact@in-and-out-traduction.com\" target=\"_blank\" rel=\"noopener noreferrer\"><img decoding=\"async\" src=\"https:\/\/in-and-out-traduction.com\/wp-content\/uploads\/2020\/08\/email-icon.svg\" alt=\"Adresse Email In &amp; Out Traduction\" \/>contact@in-and-out-traduction.com<\/a><\/p>\n<p>[\/et_pb_text][et_pb_text admin_label=\u00bbButton\u00bb module_class=\u00bbcontact-btn\u00bb _builder_version=\u00bb4.16&#8243; _module_preset=\u00bbdefault\u00bb global_colors_info=\u00bb{}\u00bb]<\/p>\n<p><a class=\"btn-default\" href=\"mailto:contact@in-and-out-traduction.com\" target=\"_blank\" rel=\"noopener noreferrer\">Contactez-nous<\/a><\/p>\n<p>[\/et_pb_text][\/et_pb_column][\/et_pb_row][\/et_pb_section]<\/p>\n","protected":false},"excerpt":{"rendered":"<p>Aviso legalDe conformidad con lo dispuesto en los art\u00edculos 6-III y 19 de la Ley n.\u00ba 2004-575, de 21 de junio de 2004, relativa a la confianza en la econom\u00eda digital, se informa a los usuarios y visitantes del sitio web de los siguientes avisos legales.Art\u00edculos 6-III y 19Faire d\u00e9filer Facebook Linkedin Contactez-nousInformaci\u00f3n legalEn virtud [&hellip;]<\/p>\n","protected":false},"author":1,"featured_media":0,"parent":0,"menu_order":0,"comment_status":"closed","ping_status":"closed","template":"","meta":{"_et_pb_use_builder":"on","_et_pb_old_content":"","_et_gb_content_width":"","footnotes":""},"class_list":["post-1013","page","type-page","status-publish","hentry"],"yoast_head":"<!-- This site is optimized with the Yoast SEO plugin v26.3 - https:\/\/yoast.com\/wordpress\/plugins\/seo\/ -->\n<title>Aviso legal - In&amp;Out Traduction<\/title>\n<meta name=\"robots\" content=\"index, follow, max-snippet:-1, max-image-preview:large, max-video-preview:-1\" \/>\n<link rel=\"canonical\" href=\"https:\/\/in-and-out-traduction.com\/mentions-legales\/\" \/>\n<meta property=\"og:locale\" content=\"es_ES\" \/>\n<meta property=\"og:type\" content=\"article\" \/>\n<meta property=\"og:title\" content=\"Aviso legal - In&amp;Out Traduction\" \/>\n<meta property=\"og:description\" content=\"Aviso legalDe conformidad con lo dispuesto en los art\u00edculos 6-III y 19 de la Ley n.\u00ba 2004-575, de 21 de junio de 2004, relativa a la confianza en la econom\u00eda digital, se informa a los usuarios y visitantes del sitio web de los siguientes avisos legales.Art\u00edculos 6-III y 19Faire d\u00e9filer Facebook Linkedin Contactez-nousInformaci\u00f3n legalEn virtud [&hellip;]\" \/>\n<meta property=\"og:url\" content=\"https:\/\/in-and-out-traduction.com\/mentions-legales\/\" \/>\n<meta property=\"og:site_name\" content=\"In&amp;Out Traduction\" \/>\n<meta property=\"article:modified_time\" content=\"2025-07-22T10:54:03+00:00\" \/>\n<meta property=\"og:image\" content=\"https:\/\/in-and-out-traduction.com\/wp-content\/uploads\/2020\/08\/arrow-down.svg\" \/>\n<meta name=\"twitter:card\" content=\"summary_large_image\" \/>\n<meta name=\"twitter:label1\" content=\"Tiempo de lectura\" \/>\n\t<meta name=\"twitter:data1\" content=\"8 minutos\" \/>\n<script type=\"application\/ld+json\" class=\"yoast-schema-graph\">{\"@context\":\"https:\/\/schema.org\",\"@graph\":[{\"@type\":\"WebPage\",\"@id\":\"https:\/\/in-and-out-traduction.com\/mentions-legales\/\",\"url\":\"https:\/\/in-and-out-traduction.com\/mentions-legales\/\",\"name\":\"Aviso legal - In&amp;Out Traduction\",\"isPartOf\":{\"@id\":\"https:\/\/in-and-out-traduction.com\/#website\"},\"primaryImageOfPage\":{\"@id\":\"https:\/\/in-and-out-traduction.com\/mentions-legales\/#primaryimage\"},\"image\":{\"@id\":\"https:\/\/in-and-out-traduction.com\/mentions-legales\/#primaryimage\"},\"thumbnailUrl\":\"https:\/\/in-and-out-traduction.com\/wp-content\/uploads\/2020\/08\/arrow-down.svg\",\"datePublished\":\"2020-11-04T08:14:05+00:00\",\"dateModified\":\"2025-07-22T10:54:03+00:00\",\"breadcrumb\":{\"@id\":\"https:\/\/in-and-out-traduction.com\/mentions-legales\/#breadcrumb\"},\"inLanguage\":\"es\",\"potentialAction\":[{\"@type\":\"ReadAction\",\"target\":[\"https:\/\/in-and-out-traduction.com\/mentions-legales\/\"]}]},{\"@type\":\"ImageObject\",\"inLanguage\":\"es\",\"@id\":\"https:\/\/in-and-out-traduction.com\/mentions-legales\/#primaryimage\",\"url\":\"https:\/\/in-and-out-traduction.com\/wp-content\/uploads\/2020\/08\/arrow-down.svg\",\"contentUrl\":\"https:\/\/in-and-out-traduction.com\/wp-content\/uploads\/2020\/08\/arrow-down.svg\"},{\"@type\":\"BreadcrumbList\",\"@id\":\"https:\/\/in-and-out-traduction.com\/mentions-legales\/#breadcrumb\",\"itemListElement\":[{\"@type\":\"ListItem\",\"position\":1,\"name\":\"Accueil\",\"item\":\"https:\/\/in-and-out-traduction.com\/es\/\"},{\"@type\":\"ListItem\",\"position\":2,\"name\":\"Aviso legal\"}]},{\"@type\":\"WebSite\",\"@id\":\"https:\/\/in-and-out-traduction.com\/#website\",\"url\":\"https:\/\/in-and-out-traduction.com\/\",\"name\":\"In&amp;Out Traduction\",\"description\":\"Des traductions \u00e0 la hauteur de vos ambitions\",\"publisher\":{\"@id\":\"https:\/\/in-and-out-traduction.com\/#organization\"},\"potentialAction\":[{\"@type\":\"SearchAction\",\"target\":{\"@type\":\"EntryPoint\",\"urlTemplate\":\"https:\/\/in-and-out-traduction.com\/?s={search_term_string}\"},\"query-input\":{\"@type\":\"PropertyValueSpecification\",\"valueRequired\":true,\"valueName\":\"search_term_string\"}}],\"inLanguage\":\"es\"},{\"@type\":\"Organization\",\"@id\":\"https:\/\/in-and-out-traduction.com\/#organization\",\"name\":\"In&Out traduction\",\"url\":\"https:\/\/in-and-out-traduction.com\/\",\"logo\":{\"@type\":\"ImageObject\",\"inLanguage\":\"es\",\"@id\":\"https:\/\/in-and-out-traduction.com\/#\/schema\/logo\/image\/\",\"url\":\"https:\/\/in-and-out-traduction.com\/wp-content\/uploads\/2020\/08\/in-and-out-traduction-favicon.png\",\"contentUrl\":\"https:\/\/in-and-out-traduction.com\/wp-content\/uploads\/2020\/08\/in-and-out-traduction-favicon.png\",\"width\":512,\"height\":512,\"caption\":\"In&Out traduction\"},\"image\":{\"@id\":\"https:\/\/in-and-out-traduction.com\/#\/schema\/logo\/image\/\"}}]}<\/script>\n<!-- \/ Yoast SEO plugin. -->","yoast_head_json":{"title":"Aviso legal - In&amp;Out Traduction","robots":{"index":"index","follow":"follow","max-snippet":"max-snippet:-1","max-image-preview":"max-image-preview:large","max-video-preview":"max-video-preview:-1"},"canonical":"https:\/\/in-and-out-traduction.com\/mentions-legales\/","og_locale":"es_ES","og_type":"article","og_title":"Aviso legal - In&amp;Out Traduction","og_description":"Aviso legalDe conformidad con lo dispuesto en los art\u00edculos 6-III y 19 de la Ley n.\u00ba 2004-575, de 21 de junio de 2004, relativa a la confianza en la econom\u00eda digital, se informa a los usuarios y visitantes del sitio web de los siguientes avisos legales.Art\u00edculos 6-III y 19Faire d\u00e9filer Facebook Linkedin Contactez-nousInformaci\u00f3n legalEn virtud [&hellip;]","og_url":"https:\/\/in-and-out-traduction.com\/mentions-legales\/","og_site_name":"In&amp;Out Traduction","article_modified_time":"2025-07-22T10:54:03+00:00","og_image":[{"url":"https:\/\/in-and-out-traduction.com\/wp-content\/uploads\/2020\/08\/arrow-down.svg","type":"","width":"","height":""}],"twitter_card":"summary_large_image","twitter_misc":{"Tiempo de lectura":"8 minutos"},"schema":{"@context":"https:\/\/schema.org","@graph":[{"@type":"WebPage","@id":"https:\/\/in-and-out-traduction.com\/mentions-legales\/","url":"https:\/\/in-and-out-traduction.com\/mentions-legales\/","name":"Aviso legal - In&amp;Out Traduction","isPartOf":{"@id":"https:\/\/in-and-out-traduction.com\/#website"},"primaryImageOfPage":{"@id":"https:\/\/in-and-out-traduction.com\/mentions-legales\/#primaryimage"},"image":{"@id":"https:\/\/in-and-out-traduction.com\/mentions-legales\/#primaryimage"},"thumbnailUrl":"https:\/\/in-and-out-traduction.com\/wp-content\/uploads\/2020\/08\/arrow-down.svg","datePublished":"2020-11-04T08:14:05+00:00","dateModified":"2025-07-22T10:54:03+00:00","breadcrumb":{"@id":"https:\/\/in-and-out-traduction.com\/mentions-legales\/#breadcrumb"},"inLanguage":"es","potentialAction":[{"@type":"ReadAction","target":["https:\/\/in-and-out-traduction.com\/mentions-legales\/"]}]},{"@type":"ImageObject","inLanguage":"es","@id":"https:\/\/in-and-out-traduction.com\/mentions-legales\/#primaryimage","url":"https:\/\/in-and-out-traduction.com\/wp-content\/uploads\/2020\/08\/arrow-down.svg","contentUrl":"https:\/\/in-and-out-traduction.com\/wp-content\/uploads\/2020\/08\/arrow-down.svg"},{"@type":"BreadcrumbList","@id":"https:\/\/in-and-out-traduction.com\/mentions-legales\/#breadcrumb","itemListElement":[{"@type":"ListItem","position":1,"name":"Accueil","item":"https:\/\/in-and-out-traduction.com\/es\/"},{"@type":"ListItem","position":2,"name":"Aviso legal"}]},{"@type":"WebSite","@id":"https:\/\/in-and-out-traduction.com\/#website","url":"https:\/\/in-and-out-traduction.com\/","name":"In&amp;Out Traduction","description":"Des traductions \u00e0 la hauteur de vos ambitions","publisher":{"@id":"https:\/\/in-and-out-traduction.com\/#organization"},"potentialAction":[{"@type":"SearchAction","target":{"@type":"EntryPoint","urlTemplate":"https:\/\/in-and-out-traduction.com\/?s={search_term_string}"},"query-input":{"@type":"PropertyValueSpecification","valueRequired":true,"valueName":"search_term_string"}}],"inLanguage":"es"},{"@type":"Organization","@id":"https:\/\/in-and-out-traduction.com\/#organization","name":"In&Out traduction","url":"https:\/\/in-and-out-traduction.com\/","logo":{"@type":"ImageObject","inLanguage":"es","@id":"https:\/\/in-and-out-traduction.com\/#\/schema\/logo\/image\/","url":"https:\/\/in-and-out-traduction.com\/wp-content\/uploads\/2020\/08\/in-and-out-traduction-favicon.png","contentUrl":"https:\/\/in-and-out-traduction.com\/wp-content\/uploads\/2020\/08\/in-and-out-traduction-favicon.png","width":512,"height":512,"caption":"In&Out traduction"},"image":{"@id":"https:\/\/in-and-out-traduction.com\/#\/schema\/logo\/image\/"}}]}},"_links":{"self":[{"href":"https:\/\/in-and-out-traduction.com\/es\/wp-json\/wp\/v2\/pages\/1013","targetHints":{"allow":["GET"]}}],"collection":[{"href":"https:\/\/in-and-out-traduction.com\/es\/wp-json\/wp\/v2\/pages"}],"about":[{"href":"https:\/\/in-and-out-traduction.com\/es\/wp-json\/wp\/v2\/types\/page"}],"author":[{"embeddable":true,"href":"https:\/\/in-and-out-traduction.com\/es\/wp-json\/wp\/v2\/users\/1"}],"replies":[{"embeddable":true,"href":"https:\/\/in-and-out-traduction.com\/es\/wp-json\/wp\/v2\/comments?post=1013"}],"version-history":[{"count":8,"href":"https:\/\/in-and-out-traduction.com\/es\/wp-json\/wp\/v2\/pages\/1013\/revisions"}],"predecessor-version":[{"id":1891,"href":"https:\/\/in-and-out-traduction.com\/es\/wp-json\/wp\/v2\/pages\/1013\/revisions\/1891"}],"wp:attachment":[{"href":"https:\/\/in-and-out-traduction.com\/es\/wp-json\/wp\/v2\/media?parent=1013"}],"curies":[{"name":"wp","href":"https:\/\/api.w.org\/{rel}","templated":true}]}}