{"id":979,"date":"2020-10-08T10:43:50","date_gmt":"2020-10-08T08:43:50","guid":{"rendered":"https:\/\/in-and-out-traduction.com\/redaccion-web\/"},"modified":"2020-11-19T18:07:49","modified_gmt":"2020-11-19T17:07:49","slug":"redaccion-web","status":"publish","type":"page","link":"https:\/\/in-and-out-traduction.com\/es\/servicios\/redaccion-web\/","title":{"rendered":"REDACCI\u00d3N WEB"},"content":{"rendered":"\n[et_pb_section fb_built=\u00bb1&#8243; admin_label=\u00bbHero\u00bb module_id=\u00bbhero-default\u00bb module_class=\u00bbhero-services\u00bb _builder_version=\u00bb4.5.6&#8243; _module_preset=\u00bbdefault\u00bb custom_margin=\u00bb0px||0px||false|false\u00bb custom_padding=\u00bb0px||0px||false|false\u00bb][et_pb_row column_structure=\u00bb2_5,3_5&#8243; use_custom_gutter=\u00bbon\u00bb gutter_width=\u00bb1&#8243; _builder_version=\u00bb4.5.5&#8243; _module_preset=\u00bbdefault\u00bb width=\u00bb100%\u00bb max_width=\u00bb100%\u00bb custom_margin=\u00bb0px||0px||false|false\u00bb custom_padding=\u00bb0px||0px||false|false\u00bb][et_pb_column type=\u00bb2_5&#8243; _builder_version=\u00bb4.5.5&#8243; _module_preset=\u00bbdefault\u00bb custom_padding=\u00bb|||100px|false|false\u00bb][et_pb_text admin_label=\u00bbTitle H1&#8243; _builder_version=\u00bb4.5.6&#8243; _module_preset=\u00bbdefault\u00bb text_font=\u00bb|||on|||||\u00bb text_text_color=\u00bb#41294a\u00bb text_font_size=\u00bb52px\u00bb text_letter_spacing=\u00bb2px\u00bb custom_padding=\u00bb||||false|false\u00bb]<h1><span class=\"txt-red\">REDACCI\u00d3N WEB<\/span><\/h1>[\/et_pb_text][et_pb_text admin_label=\u00bbSubTitle H2&#8243; _builder_version=\u00bb4.5.6&#8243; _module_preset=\u00bbdefault\u00bb text_text_color=\u00bb#000000&#8243; text_font_size=\u00bb20px\u00bb text_letter_spacing=\u00bb1px\u00bb header_2_text_color=\u00bb#000000&#8243; header_2_font_size=\u00bb20px\u00bb header_2_letter_spacing=\u00bb1px\u00bb width=\u00bb85%\u00bb]<h2>Nuestra experiencia puede ayudarte a ganar visibilidad y a mejorar tu tasa de conversi\u00f3n.<\/h2>[\/et_pb_text][\/et_pb_column][et_pb_column type=\u00bb3_5&#8243; _builder_version=\u00bb4.5.5&#8243; _module_preset=\u00bbdefault\u00bb][et_pb_slider show_pagination=\u00bboff\u00bb admin_label=\u00bbSlider\u00bb module_class=\u00bbhero-slider\u00bb _builder_version=\u00bb4.5.6&#8243; _module_preset=\u00bbdefault\u00bb background_color=\u00bb#ff2c54&#8243;][et_pb_slide heading=\u00bbSERVICIOS\u00bb image=\u00bbhttps:\/\/in-and-out-traduction.com\/wp-content\/uploads\/2020\/08\/bg-web-editing.jpg\u00bb _builder_version=\u00bb4.5.6&#8243; _module_preset=\u00bbdefault\u00bb background_enable_color=\u00bboff\u00bb sticky_transition=\u00bbon\u00bb]<h3>REDACCI\u00d3N WEB<\/h3>[\/et_pb_slide][\/et_pb_slider][\/et_pb_column][\/et_pb_row][et_pb_row column_structure=\u00bb2_5,3_5&#8243; use_custom_gutter=\u00bbon\u00bb gutter_width=\u00bb1&#8243; module_class=\u00bbhero-bottom\u00bb _builder_version=\u00bb4.5.5&#8243; _module_preset=\u00bbdefault\u00bb width=\u00bb100%\u00bb max_width=\u00bb100%\u00bb][et_pb_column type=\u00bb2_5&#8243; _builder_version=\u00bb4.5.5&#8243; _module_preset=\u00bbdefault\u00bb][et_pb_text admin_label=\u00bbArrow Scroll + Text\u00bb module_class=\u00bbhero-bottom__arrow\u00bb _builder_version=\u00bb4.5.6&#8243; _module_preset=\u00bbdefault\u00bb]<p><a href=\"#blurb\"><img decoding=\"async\" src=\"https:\/\/in-and-out-traduction.com\/wp-content\/uploads\/2020\/08\/arrow-down.svg\" alt=\"Fl\u00e8che de scroll vers le bas\" \/><\/a><span>Hacia abajo<\/span><\/p>[\/et_pb_text][\/et_pb_column][et_pb_column type=\u00bb3_5&#8243; _builder_version=\u00bb4.5.5&#8243; _module_preset=\u00bbdefault\u00bb][\/et_pb_column][\/et_pb_row][et_pb_row module_class=\u00bbhero-phone\u00bb _builder_version=\u00bb4.5.5&#8243; _module_preset=\u00bbdefault\u00bb][et_pb_column type=\u00bb4_4&#8243; _builder_version=\u00bb4.5.5&#8243; _module_preset=\u00bbdefault\u00bb][et_pb_text admin_label=\u00bbPhone Contact\u00bb _builder_version=\u00bb4.5.6&#8243; _module_preset=\u00bbdefault\u00bb]<p><a href=\"tel:+33675671260\" target=\"_blank\" rel=\"noopener noreferrer\"><img decoding=\"async\" src=\"https:\/\/in-and-out-traduction.com\/wp-content\/uploads\/2020\/08\/contact-phone-icon.svg\" alt=\"Contactez nous par t\u00e9l\u00e9phone\" \/><\/a><span>Contacta con nosotros<\/span><\/p>[\/et_pb_text][\/et_pb_column][\/et_pb_row][\/et_pb_section][et_pb_section fb_built=\u00bb1&#8243; admin_label=\u00bbBlurb\u00bb module_id=\u00bbblurb\u00bb _builder_version=\u00bb4.5.5&#8243; _module_preset=\u00bbdefault\u00bb custom_margin=\u00bb||||false|false\u00bb custom_padding=\u00bb150px||150px||false|false\u00bb][et_pb_row module_class=\u00bbblurb-row\u00bb _builder_version=\u00bb4.5.5&#8243; _module_preset=\u00bbdefault\u00bb custom_padding=\u00bb75px||75px||false|false\u00bb border_radii=\u00bbon|1px|1px|1px|1px\u00bb border_width_left=\u00bb3px\u00bb border_color_left=\u00bb#FF2C54&#8243;][et_pb_column type=\u00bb4_4&#8243; _builder_version=\u00bb4.5.5&#8243; _module_preset=\u00bbdefault\u00bb][et_pb_text admin_label=\u00bbTitle\u00bb _builder_version=\u00bb4.5.6&#8243; _module_preset=\u00bbdefault\u00bb header_font=\u00bb|700|||||||\u00bb header_3_font=\u00bb|||on|||||\u00bb header_3_text_color=\u00bb#ff2c54&#8243; header_3_font_size=\u00bb28px\u00bb header_3_letter_spacing=\u00bb2px\u00bb header_3_line_height=\u00bb1.5em\u00bb]<h3>ART\u00cdCULOS DE BLOG, FICHAS DE PRODUCTOS, BOLETINES DE NOTICIAS, P\u00c1GINAS WEB, ETC.<\/h3>[\/et_pb_text][et_pb_text admin_label=\u00bbParagraphe\u00bb _builder_version=\u00bb4.5.6&#8243; _module_preset=\u00bbdefault\u00bb text_text_color=\u00bb#41294a\u00bb text_font_size=\u00bb28px\u00bb text_letter_spacing=\u00bb1px\u00bb text_line_height=\u00bb1.5em\u00bb]<p class=\"p1\">Hoy en d\u00eda, existen unas necesidades inmensas de contenido para internet. Un contenido web regular, adaptado a un p\u00fablico, pertinente, coherente y bien referenciado es esencial para cualquier negocio.<\/p>\r\n<p>Nuestro compromiso:<\/p>\r\n<ul>\r\n<li>Redacci\u00f3n clara, fluida y precisa<\/li>\r\n<li>Respeto absoluto a tu hoja de ruta<\/li>\r\n<li>Contenido adaptado a tus objetivos<\/li>\r\n<li>Actitud proactiva por nuestra parte: propuestas de temas, seguimiento editorial<\/li>\r\n<li>Optimizaci\u00f3n para motores de b\u00fasqueda (SEO) eficaz<\/li>\r\n<\/ul>[\/et_pb_text][et_pb_text admin_label=\u00bbButton\u00bb _builder_version=\u00bb4.5.6&#8243; _module_preset=\u00bbdefault\u00bb]<p><a class=\"btn-default\" href=\"mailto:contact@in-and-out-traduction.com\" target=\"_blank\" rel=\"noopener noreferrer\"><span>Contacta con nosotros<span class=\"btn-default__line\"><\/span><\/span><\/a><\/p>[\/et_pb_text][\/et_pb_column][\/et_pb_row][\/et_pb_section][et_pb_section fb_built=\u00bb1&#8243; custom_padding_last_edited=\u00bbon|desktop\u00bb admin_label=\u00bbServices\u00bb module_id=\u00bbservices\u00bb _builder_version=\u00bb4.5.6&#8243; _module_preset=\u00bbdefault\u00bb custom_padding=\u00bb0px|100px|150px|100px|false|false\u00bb custom_padding_tablet=\u00bb125px||125px||false|false\u00bb custom_padding_phone=\u00bb100px||100px||false|false\u00bb][et_pb_row column_structure=\u00bb3_5,2_5&#8243; use_custom_gutter=\u00bbon\u00bb gutter_width=\u00bb1&#8243; _builder_version=\u00bb4.5.5&#8243; _module_preset=\u00bbdefault\u00bb width=\u00bb100%\u00bb max_width=\u00bb100%\u00bb][et_pb_column type=\u00bb3_5&#8243; _builder_version=\u00bb4.5.5&#8243; _module_preset=\u00bbdefault\u00bb][et_pb_text admin_label=\u00bbServices Lists\u00bb module_class=\u00bbservices-lists\u00bb _builder_version=\u00bb4.5.6&#8243; _module_preset=\u00bbdefault\u00bb]<ul>\r\n<li><a href=\"https:\/\/in-and-out-traduction.com\/es\/servicios\/traduccion\/\">Traducci\u00f3n &gt;<\/a><\/li>\r\n<li><a href=\"https:\/\/in-and-out-traduction.com\/es\/servicios\/revision-edicion\/\">Revisi\u00f3n &gt;<\/a><\/li>\r\n<li><a href=\"https:\/\/in-and-out-traduction.com\/es\/servicios\/subtitulado\/\">Subt\u00edtulos &gt;<\/a><\/li>\r\n<\/ul>[\/et_pb_text][\/et_pb_column][et_pb_column type=\u00bb2_5&#8243; _builder_version=\u00bb4.5.5&#8243; _module_preset=\u00bbdefault\u00bb][et_pb_text admin_label=\u00bbTitle\u00bb module_class=\u00bbservices-title\u00bb _builder_version=\u00bb4.5.5&#8243; _module_preset=\u00bbdefault\u00bb header_3_font=\u00bb|700||on|||||\u00bb header_3_text_color=\u00bb#ff2c54&#8243; header_3_font_size=\u00bb16px\u00bb header_3_letter_spacing=\u00bb1px\u00bb]<h3>Nuestros servicios<\/h3>[\/et_pb_text][et_pb_text module_class=\u00bbservices-text\u00bb _builder_version=\u00bb4.6.0&#8243; _module_preset=\u00bbdefault\u00bb text_font=\u00bb|600|||||||\u00bb text_text_color=\u00bb#000000&#8243; text_font_size=\u00bb20px\u00bb text_letter_spacing=\u00bb1px\u00bb]<p>Recurre a aut\u00e9nticos profesionales para todas tus necesidades ling\u00fc\u00edsticas y de redacci\u00f3n.<\/p>[\/et_pb_text][\/et_pb_column][\/et_pb_row][et_pb_row module_class=\u00bbbackTop\u00bb _builder_version=\u00bb4.5.5&#8243; _module_preset=\u00bbdefault\u00bb][et_pb_column type=\u00bb4_4&#8243; _builder_version=\u00bb4.5.5&#8243; _module_preset=\u00bbdefault\u00bb][et_pb_text admin_label=\u00bbBack To the Top\u00bb _builder_version=\u00bb4.5.5&#8243; _module_preset=\u00bbdefault\u00bb]<a href=\"#backTop\"><span>Top<\/span><\/a>[\/et_pb_text][\/et_pb_column][\/et_pb_row][\/et_pb_section][et_pb_section fb_built=\u00bb1&#8243; admin_label=\u00bbContact\u00bb module_id=\u00bbcontact\u00bb _builder_version=\u00bb4.5.5&#8243; _module_preset=\u00bbdefault\u00bb background_enable_color=\u00bboff\u00bb custom_margin=\u00bb0px||0px||false|false\u00bb custom_padding=\u00bb0px|100px|0px|100px|false|false\u00bb][et_pb_row use_custom_gutter=\u00bbon\u00bb gutter_width=\u00bb1&#8243; _builder_version=\u00bb4.5.5&#8243; _module_preset=\u00bbdefault\u00bb background_color=\u00bb#ff2c54&#8243; width=\u00bb100%\u00bb max_width=\u00bb100%\u00bb custom_padding=\u00bb70px|50px|70px|50px|false|false\u00bb border_radii=\u00bbon|1px|1px|1px|1px\u00bb][et_pb_column type=\u00bb4_4&#8243; _builder_version=\u00bb4.5.5&#8243; _module_preset=\u00bbdefault\u00bb][et_pb_text admin_label=\u00bbTitle\u00bb module_class=\u00bbcontact-title\u00bb _builder_version=\u00bb4.6.0&#8243; _module_preset=\u00bbdefault\u00bb header_2_font=\u00bb|700||on|||||\u00bb header_2_text_color=\u00bb#ffffff\u00bb header_2_font_size=\u00bb28px\u00bb header_2_letter_spacing=\u00bb2px\u00bb hover_enabled=\u00bb0&#8243; sticky_enabled=\u00bb0&#8243;]<h2>\u00bfPRECISAS DE NUESTROS SERVICIOS?<\/h2>[\/et_pb_text][et_pb_text module_class=\u00bbcontact-text\u00bb _builder_version=\u00bb4.5.5&#8243; _module_preset=\u00bbdefault\u00bb text_font=\u00bb|700|||||||\u00bb text_text_color=\u00bb#ffffff\u00bb text_font_size=\u00bb20px\u00bb text_letter_spacing=\u00bb1px\u00bb]<p class=\"p1\"><span class=\"s1\"><b>Te garantizamos una respuesta y un presupuesto en menos de 24 horas.<\/b><\/span><\/p>[\/et_pb_text][et_pb_text admin_label=\u00bbContact Mobile &#038; Email\u00bb module_class=\u00bbcontact-text contact-infos\u00bb _builder_version=\u00bb4.5.6&#8243; _module_preset=\u00bbdefault\u00bb text_font=\u00bb|700|||||||\u00bb text_text_color=\u00bb#ffffff\u00bb text_font_size=\u00bb20px\u00bb text_letter_spacing=\u00bb1px\u00bb]<p>\r\n<a class=\"contact-infos__phone\" href=\"tel:+33675671260\" target=\"_blank\" rel=\"noopener noreferrer\"><img decoding=\"async\" src=\"https:\/\/in-and-out-traduction.com\/wp-content\/uploads\/2020\/08\/phone-icon.svg\" alt=\"Num\u00e9ro de t\u00e9l\u00e9phone In &#038; Out Traduction\" \/><span>06 75 67 12 60<\/span><\/a><a class=\"contact-infos__email\" href=\"mailto:contact@in-and-out-traduction.com\" target=\"_blank\" rel=\"noopener noreferrer\"><img decoding=\"async\" src=\"https:\/\/in-and-out-traduction.com\/wp-content\/uploads\/2020\/08\/email-icon.svg\" alt=\"Adresse Email In &#038; Out Traduction\" \/><span>contact@in-and-out-traduction.com<\/span><\/a>\r\n<\/p>[\/et_pb_text][et_pb_text admin_label=\u00bbButton\u00bb module_class=\u00bbcontact-btn\u00bb _builder_version=\u00bb4.5.6&#8243; _module_preset=\u00bbdefault\u00bb]<p><a class=\"btn-default\" href=\"mailto:contact@in-and-out-traduction.com\" target=\"_blank\" rel=\"noopener noreferrer\"><span>Contacta con nosotros<span class=\"btn-default__line\"><\/span><\/span><\/a><\/p>[\/et_pb_text][\/et_pb_column][\/et_pb_row][\/et_pb_section]\n","protected":false},"excerpt":{"rendered":"<p>REDACCI\u00d3N WEBNuestra experiencia puede ayudarte a ganar visibilidad y a mejorar tu tasa de conversi\u00f3n.REDACCI\u00d3N WEBHacia abajoContacta con nosotrosART\u00cdCULOS DE BLOG, FICHAS DE PRODUCTOS, BOLETINES DE NOTICIAS, P\u00c1GINAS WEB, ETC.Hoy en d\u00eda, existen unas necesidades inmensas de contenido para internet. Un contenido web regular, adaptado a un p\u00fablico, pertinente, coherente y bien referenciado es esencial [&hellip;]<\/p>\n","protected":false},"author":1,"featured_media":1395,"parent":984,"menu_order":0,"comment_status":"closed","ping_status":"closed","template":"","meta":{"_et_pb_use_builder":"on","_et_pb_old_content":"","_et_gb_content_width":"","footnotes":""},"class_list":["post-979","page","type-page","status-publish","has-post-thumbnail","hentry"],"yoast_head":"<!-- This site is optimized with the Yoast SEO plugin v26.3 - https:\/\/yoast.com\/wordpress\/plugins\/seo\/ -->\n<title>In&amp;Out Traduction | Redacci\u00f3n web | Redacci\u00f3n clara, fluida y precisa<\/title>\n<meta name=\"description\" content=\"Servicios de redacci\u00f3n web. Un contenido web regular, adaptado a un p\u00fablico, pertinente, coherente y bien referenciado es esencial para cualquier negocio.\" \/>\n<meta name=\"robots\" content=\"index, follow, max-snippet:-1, max-image-preview:large, max-video-preview:-1\" \/>\n<link rel=\"canonical\" href=\"https:\/\/in-and-out-traduction.com\/es\/servicios\/redaccion-web\/\" \/>\n<meta property=\"og:locale\" content=\"es_ES\" \/>\n<meta property=\"og:type\" content=\"article\" \/>\n<meta property=\"og:title\" content=\"In&amp;Out Traduction | Redacci\u00f3n web | Redacci\u00f3n clara, fluida y precisa\" \/>\n<meta property=\"og:description\" content=\"Servicios de redacci\u00f3n web. Un contenido web regular, adaptado a un p\u00fablico, pertinente, coherente y bien referenciado es esencial para cualquier negocio.\" \/>\n<meta property=\"og:url\" content=\"https:\/\/in-and-out-traduction.com\/es\/servicios\/redaccion-web\/\" \/>\n<meta property=\"og:site_name\" content=\"In&amp;Out Traduction\" \/>\n<meta property=\"article:modified_time\" content=\"2020-11-19T17:07:49+00:00\" \/>\n<meta property=\"og:image\" content=\"https:\/\/in-and-out-traduction.com\/wp-content\/uploads\/2020\/08\/bg-web-editing.jpg\" \/>\n\t<meta property=\"og:image:width\" content=\"1162\" \/>\n\t<meta property=\"og:image:height\" content=\"774\" \/>\n\t<meta property=\"og:image:type\" content=\"image\/jpeg\" \/>\n<meta name=\"twitter:card\" content=\"summary_large_image\" \/>\n<meta name=\"twitter:label1\" content=\"Tiempo de lectura\" \/>\n\t<meta name=\"twitter:data1\" content=\"5 minutos\" \/>\n<script type=\"application\/ld+json\" class=\"yoast-schema-graph\">{\"@context\":\"https:\/\/schema.org\",\"@graph\":[{\"@type\":\"WebPage\",\"@id\":\"https:\/\/in-and-out-traduction.com\/es\/servicios\/redaccion-web\/\",\"url\":\"https:\/\/in-and-out-traduction.com\/es\/servicios\/redaccion-web\/\",\"name\":\"In&amp;Out Traduction | Redacci\u00f3n web | Redacci\u00f3n clara, fluida y precisa\",\"isPartOf\":{\"@id\":\"https:\/\/in-and-out-traduction.com\/#website\"},\"primaryImageOfPage\":{\"@id\":\"https:\/\/in-and-out-traduction.com\/es\/servicios\/redaccion-web\/#primaryimage\"},\"image\":{\"@id\":\"https:\/\/in-and-out-traduction.com\/es\/servicios\/redaccion-web\/#primaryimage\"},\"thumbnailUrl\":\"https:\/\/in-and-out-traduction.com\/wp-content\/uploads\/2020\/08\/bg-web-editing.jpg\",\"datePublished\":\"2020-10-08T08:43:50+00:00\",\"dateModified\":\"2020-11-19T17:07:49+00:00\",\"description\":\"Servicios de redacci\u00f3n web. Un contenido web regular, adaptado a un p\u00fablico, pertinente, coherente y bien referenciado es esencial para cualquier negocio.\",\"breadcrumb\":{\"@id\":\"https:\/\/in-and-out-traduction.com\/es\/servicios\/redaccion-web\/#breadcrumb\"},\"inLanguage\":\"es\",\"potentialAction\":[{\"@type\":\"ReadAction\",\"target\":[\"https:\/\/in-and-out-traduction.com\/es\/servicios\/redaccion-web\/\"]}]},{\"@type\":\"ImageObject\",\"inLanguage\":\"es\",\"@id\":\"https:\/\/in-and-out-traduction.com\/es\/servicios\/redaccion-web\/#primaryimage\",\"url\":\"https:\/\/in-and-out-traduction.com\/wp-content\/uploads\/2020\/08\/bg-web-editing.jpg\",\"contentUrl\":\"https:\/\/in-and-out-traduction.com\/wp-content\/uploads\/2020\/08\/bg-web-editing.jpg\",\"width\":1162,\"height\":774,\"caption\":\"Service R\u00e9daction Web In & Out Traduction\"},{\"@type\":\"BreadcrumbList\",\"@id\":\"https:\/\/in-and-out-traduction.com\/es\/servicios\/redaccion-web\/#breadcrumb\",\"itemListElement\":[{\"@type\":\"ListItem\",\"position\":1,\"name\":\"Accueil\",\"item\":\"https:\/\/in-and-out-traduction.com\/es\/\"},{\"@type\":\"ListItem\",\"position\":2,\"name\":\"Servicios\",\"item\":\"https:\/\/in-and-out-traduction.com\/es\/servicios\/\"},{\"@type\":\"ListItem\",\"position\":3,\"name\":\"REDACCI\u00d3N WEB\"}]},{\"@type\":\"WebSite\",\"@id\":\"https:\/\/in-and-out-traduction.com\/#website\",\"url\":\"https:\/\/in-and-out-traduction.com\/\",\"name\":\"In&amp;Out Traduction\",\"description\":\"Des traductions \u00e0 la hauteur de vos ambitions\",\"publisher\":{\"@id\":\"https:\/\/in-and-out-traduction.com\/#organization\"},\"potentialAction\":[{\"@type\":\"SearchAction\",\"target\":{\"@type\":\"EntryPoint\",\"urlTemplate\":\"https:\/\/in-and-out-traduction.com\/?s={search_term_string}\"},\"query-input\":{\"@type\":\"PropertyValueSpecification\",\"valueRequired\":true,\"valueName\":\"search_term_string\"}}],\"inLanguage\":\"es\"},{\"@type\":\"Organization\",\"@id\":\"https:\/\/in-and-out-traduction.com\/#organization\",\"name\":\"In&Out traduction\",\"url\":\"https:\/\/in-and-out-traduction.com\/\",\"logo\":{\"@type\":\"ImageObject\",\"inLanguage\":\"es\",\"@id\":\"https:\/\/in-and-out-traduction.com\/#\/schema\/logo\/image\/\",\"url\":\"https:\/\/in-and-out-traduction.com\/wp-content\/uploads\/2020\/08\/in-and-out-traduction-favicon.png\",\"contentUrl\":\"https:\/\/in-and-out-traduction.com\/wp-content\/uploads\/2020\/08\/in-and-out-traduction-favicon.png\",\"width\":512,\"height\":512,\"caption\":\"In&Out traduction\"},\"image\":{\"@id\":\"https:\/\/in-and-out-traduction.com\/#\/schema\/logo\/image\/\"}}]}<\/script>\n<!-- \/ Yoast SEO plugin. -->","yoast_head_json":{"title":"In&amp;Out Traduction | Redacci\u00f3n web | Redacci\u00f3n clara, fluida y precisa","description":"Servicios de redacci\u00f3n web. Un contenido web regular, adaptado a un p\u00fablico, pertinente, coherente y bien referenciado es esencial para cualquier negocio.","robots":{"index":"index","follow":"follow","max-snippet":"max-snippet:-1","max-image-preview":"max-image-preview:large","max-video-preview":"max-video-preview:-1"},"canonical":"https:\/\/in-and-out-traduction.com\/es\/servicios\/redaccion-web\/","og_locale":"es_ES","og_type":"article","og_title":"In&amp;Out Traduction | Redacci\u00f3n web | Redacci\u00f3n clara, fluida y precisa","og_description":"Servicios de redacci\u00f3n web. Un contenido web regular, adaptado a un p\u00fablico, pertinente, coherente y bien referenciado es esencial para cualquier negocio.","og_url":"https:\/\/in-and-out-traduction.com\/es\/servicios\/redaccion-web\/","og_site_name":"In&amp;Out Traduction","article_modified_time":"2020-11-19T17:07:49+00:00","og_image":[{"width":1162,"height":774,"url":"https:\/\/in-and-out-traduction.com\/wp-content\/uploads\/2020\/08\/bg-web-editing.jpg","type":"image\/jpeg"}],"twitter_card":"summary_large_image","twitter_misc":{"Tiempo de lectura":"5 minutos"},"schema":{"@context":"https:\/\/schema.org","@graph":[{"@type":"WebPage","@id":"https:\/\/in-and-out-traduction.com\/es\/servicios\/redaccion-web\/","url":"https:\/\/in-and-out-traduction.com\/es\/servicios\/redaccion-web\/","name":"In&amp;Out Traduction | Redacci\u00f3n web | Redacci\u00f3n clara, fluida y precisa","isPartOf":{"@id":"https:\/\/in-and-out-traduction.com\/#website"},"primaryImageOfPage":{"@id":"https:\/\/in-and-out-traduction.com\/es\/servicios\/redaccion-web\/#primaryimage"},"image":{"@id":"https:\/\/in-and-out-traduction.com\/es\/servicios\/redaccion-web\/#primaryimage"},"thumbnailUrl":"https:\/\/in-and-out-traduction.com\/wp-content\/uploads\/2020\/08\/bg-web-editing.jpg","datePublished":"2020-10-08T08:43:50+00:00","dateModified":"2020-11-19T17:07:49+00:00","description":"Servicios de redacci\u00f3n web. Un contenido web regular, adaptado a un p\u00fablico, pertinente, coherente y bien referenciado es esencial para cualquier negocio.","breadcrumb":{"@id":"https:\/\/in-and-out-traduction.com\/es\/servicios\/redaccion-web\/#breadcrumb"},"inLanguage":"es","potentialAction":[{"@type":"ReadAction","target":["https:\/\/in-and-out-traduction.com\/es\/servicios\/redaccion-web\/"]}]},{"@type":"ImageObject","inLanguage":"es","@id":"https:\/\/in-and-out-traduction.com\/es\/servicios\/redaccion-web\/#primaryimage","url":"https:\/\/in-and-out-traduction.com\/wp-content\/uploads\/2020\/08\/bg-web-editing.jpg","contentUrl":"https:\/\/in-and-out-traduction.com\/wp-content\/uploads\/2020\/08\/bg-web-editing.jpg","width":1162,"height":774,"caption":"Service R\u00e9daction Web In & Out Traduction"},{"@type":"BreadcrumbList","@id":"https:\/\/in-and-out-traduction.com\/es\/servicios\/redaccion-web\/#breadcrumb","itemListElement":[{"@type":"ListItem","position":1,"name":"Accueil","item":"https:\/\/in-and-out-traduction.com\/es\/"},{"@type":"ListItem","position":2,"name":"Servicios","item":"https:\/\/in-and-out-traduction.com\/es\/servicios\/"},{"@type":"ListItem","position":3,"name":"REDACCI\u00d3N WEB"}]},{"@type":"WebSite","@id":"https:\/\/in-and-out-traduction.com\/#website","url":"https:\/\/in-and-out-traduction.com\/","name":"In&amp;Out Traduction","description":"Des traductions \u00e0 la hauteur de vos ambitions","publisher":{"@id":"https:\/\/in-and-out-traduction.com\/#organization"},"potentialAction":[{"@type":"SearchAction","target":{"@type":"EntryPoint","urlTemplate":"https:\/\/in-and-out-traduction.com\/?s={search_term_string}"},"query-input":{"@type":"PropertyValueSpecification","valueRequired":true,"valueName":"search_term_string"}}],"inLanguage":"es"},{"@type":"Organization","@id":"https:\/\/in-and-out-traduction.com\/#organization","name":"In&Out traduction","url":"https:\/\/in-and-out-traduction.com\/","logo":{"@type":"ImageObject","inLanguage":"es","@id":"https:\/\/in-and-out-traduction.com\/#\/schema\/logo\/image\/","url":"https:\/\/in-and-out-traduction.com\/wp-content\/uploads\/2020\/08\/in-and-out-traduction-favicon.png","contentUrl":"https:\/\/in-and-out-traduction.com\/wp-content\/uploads\/2020\/08\/in-and-out-traduction-favicon.png","width":512,"height":512,"caption":"In&Out traduction"},"image":{"@id":"https:\/\/in-and-out-traduction.com\/#\/schema\/logo\/image\/"}}]}},"_links":{"self":[{"href":"https:\/\/in-and-out-traduction.com\/es\/wp-json\/wp\/v2\/pages\/979","targetHints":{"allow":["GET"]}}],"collection":[{"href":"https:\/\/in-and-out-traduction.com\/es\/wp-json\/wp\/v2\/pages"}],"about":[{"href":"https:\/\/in-and-out-traduction.com\/es\/wp-json\/wp\/v2\/types\/page"}],"author":[{"embeddable":true,"href":"https:\/\/in-and-out-traduction.com\/es\/wp-json\/wp\/v2\/users\/1"}],"replies":[{"embeddable":true,"href":"https:\/\/in-and-out-traduction.com\/es\/wp-json\/wp\/v2\/comments?post=979"}],"version-history":[{"count":8,"href":"https:\/\/in-and-out-traduction.com\/es\/wp-json\/wp\/v2\/pages\/979\/revisions"}],"predecessor-version":[{"id":1449,"href":"https:\/\/in-and-out-traduction.com\/es\/wp-json\/wp\/v2\/pages\/979\/revisions\/1449"}],"up":[{"embeddable":true,"href":"https:\/\/in-and-out-traduction.com\/es\/wp-json\/wp\/v2\/pages\/984"}],"wp:featuredmedia":[{"embeddable":true,"href":"https:\/\/in-and-out-traduction.com\/es\/wp-json\/wp\/v2\/media\/1395"}],"wp:attachment":[{"href":"https:\/\/in-and-out-traduction.com\/es\/wp-json\/wp\/v2\/media?parent=979"}],"curies":[{"name":"wp","href":"https:\/\/api.w.org\/{rel}","templated":true}]}}